{"id":370,"date":"2020-06-22T08:04:32","date_gmt":"2020-06-22T08:04:32","guid":{"rendered":"https:\/\/huvudkontoret.wpengine.com\/?page_id=370"},"modified":"2023-10-25T14:59:41","modified_gmt":"2023-10-25T12:59:41","slug":"om-oss","status":"publish","type":"page","link":"https:\/\/hk.se\/en\/om-oss\/","title":{"rendered":"About us"},"content":{"rendered":"\n\n<section id=\"hero-block_e9ef8504bfcd63b2a8f5078437515171\" class=\"b-hero bg-light-gray\" role=\"banner\">\n\n\t<div class=\"b-hero__inner color-beige\">\n\t\t<div class=\"b-hero__grid\">\n\n\t\t\t<div class=\"b-hero__content color-beige\">\n\t\t\t\t<div class=\"b-hero__content-inner\" data-animation-type=\"fade-in-when-ready\">\n\n\t\t\t\t\t\t\t\t\t\t\t<div class=\"b-hero__label\">About us <\/div>\n\t\t\t\t\t\n\t\t\t\t\t\n\t\t\t\t\t\t\t\t\t\t\t<h1 class=\"b-hero__title\">\n\t\t\t\t\t\t\tYou work, <br \/>\r\nwe take care <br \/>\r\nof the rest\t\t\t\t\t\t<\/h1>\n\t\t\t\t\t\n\t\t\t\t\t\n\t\t\t\t<\/div>\n\t\t\t<\/div>\n\n\t\t\t\n\t\t<\/div>\n\t<\/div>\n\n<\/section>\n\n\n\n\n<section id=\"text-block_7f02ded7faaf6c19fa0ed6894cc9cd5c\" class=\"b-text b-text--title-large b-text--text-large bg-light-gray mobile-padding-top-bottom desktop-padding-top-bottom\">\n\n\t<div class=\"b-text__inner\">\n\t\t<div class=\"b-text__grid\">\n\n\t\t\t\n\t\t\t\n\t\t\t\n\t\t\t\t<div class=\"b-text__column\">\n\t\t\t\t\t<div class=\"b-text__text js-scrollspy\" data-animation-type=\"fade-in-up\" data-animation-delay=\"1\">\n\t\t\t\t\t\t<p>We opened our first coworking space in Helsingborg at V\u00e4la S\u00f6dra in March 2019. Seven months later, we opened the doors to our second coworking space on B\u00e5thusgatan in Norra Hamnen. Now, we are planning for our third<\/p>\n\t\t\t\t\t<\/div>\n\t\t\t\t<\/div>\n\n\t\t\t\n\t\t<\/div>\n\t<\/div>\n\n<\/section>\n\n\n\n\n<section id=\"text-block_6552ed4468afc529f1cfab4b51e2e3e1\" class=\"b-text b-text--title-large b-text--text-small bg-light-gray mobile-padding-bottom desktop-padding-bottom\">\n\n\t<div class=\"b-text__inner\">\n\t\t<div class=\"b-text__grid\">\n\n\t\t\t\n\t\t\t\n\t\t\t\n\t\t\t\t<div class=\"b-text__column\">\n\t\t\t\t\t<div class=\"b-text__text js-scrollspy\" data-animation-type=\"fade-in-up\" data-animation-delay=\"1\">\n\t\t\t\t\t\t<p>When we started our operations in 2019, we didn&#8217;t want to use the term &#8220;coworking space&#8221; for our units. This was because we felt that coworking spaces in Helsingborg conveyed a &#8220;temporary solution.&#8221; In other words, a somewhat dull place where solo entrepreneurs and small businesses sat while looking for a &#8220;real office.&#8221;<\/p>\n<p>We wanted to create something different. Something more modern that leveraged the advantages of the sharing economy but was also so pleasant and flexible that our members would never feel the need to move on as their space requirements changed. And it catered to all types of businesses. The result was Huvudkontoret.<\/p>\n<p>Today, we have a wide variety of companies as members: lawyers, IT consultants, accountants, advertising agencies, and construction companies. Some rent one desk, others ten. And when their needs change, they are not locked into long-term contracts that prevent them from increasing or decreasing the number of office spaces.<\/p>\n<p>Our goal is to make your daily life easier so you can focus on your business. We eliminate time-wasting tasks like dealing with cleaning, printers, and networks. Simply put, you work, we handle the rest.<\/p>\n<p>Now that we see it in writing, we realize that the term &#8220;coworking space&#8221; might not be so misleading after all. All we ask is that you forget everything you know about coworking spaces and come here to see for yourself.<\/p>\n<p>You won&#8217;t be disappointed.<\/p>\n\t\t\t\t\t<\/div>\n\t\t\t\t<\/div>\n\n\t\t\t\n\t\t<\/div>\n\t<\/div>\n\n<\/section>\n\n\n\n\n<section id=\"card-featured-block_9c5a0617c50f7eb9262c29e5ca1c9929\" class=\"b-card-featured js-navigator-container bg-light-gray card-green card-hover-gray mobile-padding-bottom desktop-padding-bottom\">\n\n\t<div class=\"b-card-featured__inner\">\n\n\t\t\t\t\t<div class=\"b-card-featured__header\">\n\n\t\t\t\t\n\t\t\t\t\t\t\t\t\t<h2 class=\"b-card-featured__title js-scrollspy\" data-animation-type=\"fade-in-up\">\n\t\t\t\t\t\tOur Coworking Spaces in Helsingborg\t\t\t\t\t<\/h2>\n\t\t\t\t\n\t\t\t\t\n\t\t\t<\/div>\n\t\t\n\t\t<div class=\"b-card-featured__list-wrapper c-horizontal-scroll__list-wrapper\">\n\t\t\t\n\t\t\t\t<div class=\"c-horizontal-scroll__list b-card-featured__list js-horizontal-scroll\">\n\n\t\t\t\t\t\n\t\t\t\t\t\n\t\t\t\t\t\t<div class=\"c-horizontal-scroll__item b-card-featured__column b-card-featured__column--medium js-horizontal-scroll-item js-scrollspy\" data-animation-type=\"fade-in-up\" data-animation-delay=\"0\">\n\t\t\t\t\t\t\t\n<a href=\"https:\/\/hk.se\/en\/our-coworking-spaces\/helsingborg-makadamgatan-5\/\" class=\"c-card c-card--location c-card--medium\">\n\n\t\n\t<div class=\"c-card__banner\">\n\n\t\t<div class=\"c-card__header\">\n\n\t\t\t\t\t\t\t<div class=\"c-card__header-label\">Helsingborg<\/div>\n\t\t\t\n\t\t\t\t\t\t\t<div class=\"c-card__title\">Makadamgatan 5<\/div>\n\t\t\t\n\t\t<\/div>\n\n\t\t<div class=\"c-card__footer\">\n\n\t\t\t\t\t\t\t<div class=\"c-card__footer-label\">Workspace from<\/div>\n\t\t\t\n\t\t\t\n\t\t\t\t<div class=\"c-card__price\">\n\t\t\t\t\t<span class=\"c-card__amount\">2 418<\/span>\n\n\t\t\t\t\t\t\t\t\t\t\t<span class=\"c-card__suffix c-suffix c-suffix--column\">\n\n\t\t\t\t\t\t\t\t\t\t\t\t\t\t\t<span class=\"c-suffix__item c-suffix__item--selected\">SEK\/month<\/span>\n\t\t\t\t\t\t\t\n\t\t\t\t\t\t\t\t\t\t\t\t\t\t\t<span class=\"c-suffix__item\">per person<\/span>\n\t\t\t\t\t\t\t\n\t\t\t\t\t\t<\/span>\n\t\t\t\t\t\n\t\t\t\t<\/div>\n\t\t\t\n\t\t<\/div>\n\n\t<\/div>\n\n\n\t<div class=\"c-card__image\">\n\t\t<img decoding=\"async\" width=\"1080\" height=\"720\" src=\"\" class=\"js-scrollspy a-fade-in h-lazyload\" alt=\"Lounge HuvudkontoretHK Kontorshotell Helsingborg Makadamgatan 5\" lazyload=\"1\" data-src=\"https:\/\/hk.se\/en\/wp-content\/uploads\/sites\/2\/2020\/07\/makadamgatan-5-huvudkontoret-kontorshotell-helsingborg-e1629807845384.jpg\" data-srcset=\"\" data-loaded=\"false\" loading=\"lazy\" srcset=\"\" \/><noscript><img decoding=\"async\" width=\"1080\" height=\"720\" src=\"https:\/\/hk.se\/en\/wp-content\/uploads\/sites\/2\/2020\/07\/makadamgatan-5-huvudkontoret-kontorshotell-helsingborg-e1629807845384.jpg\" class=\"js-scrollspy a-fade-in\" alt=\"Lounge HuvudkontoretHK Kontorshotell Helsingborg Makadamgatan 5\" loading=\"lazy\" \/><\/noscript>\t<\/div>\n\n\t\t\t<div class=\"c-card__button c-button \">\n\t\t\tExplore co-working space\t\t<\/div>\n\t\n<\/a>\n\n\n\t\t\t\t\t\t<\/div>\n\n\t\t\t\t\t\t\n\t\t\t\t\t\n\t\t\t\t\t\t<div class=\"c-horizontal-scroll__item b-card-featured__column b-card-featured__column--medium js-horizontal-scroll-item js-scrollspy\" data-animation-type=\"fade-in-up\" data-animation-delay=\"1\">\n\t\t\t\t\t\t\t\n<a href=\"https:\/\/hk.se\/en\/our-coworking-spaces\/helsingborg-bathusgatan-9\/\" class=\"c-card c-card--location c-card--medium\">\n\n\t\n\t<div class=\"c-card__banner\">\n\n\t\t<div class=\"c-card__header\">\n\n\t\t\t\t\t\t\t<div class=\"c-card__header-label\">Helsingborg<\/div>\n\t\t\t\n\t\t\t\t\t\t\t<div class=\"c-card__title\">B\u00e5thusgatan 9<\/div>\n\t\t\t\n\t\t<\/div>\n\n\t\t<div class=\"c-card__footer\">\n\n\t\t\t\t\t\t\t<div class=\"c-card__footer-label\">Workspace from<\/div>\n\t\t\t\n\t\t\t\n\t\t\t\t<div class=\"c-card__price\">\n\t\t\t\t\t<span class=\"c-card__amount\">2 968<\/span>\n\n\t\t\t\t\t\t\t\t\t\t\t<span class=\"c-card__suffix c-suffix c-suffix--column\">\n\n\t\t\t\t\t\t\t\t\t\t\t\t\t\t\t<span class=\"c-suffix__item c-suffix__item--selected\">SEK\/month<\/span>\n\t\t\t\t\t\t\t\n\t\t\t\t\t\t\t\t\t\t\t\t\t\t\t<span class=\"c-suffix__item\">per person<\/span>\n\t\t\t\t\t\t\t\n\t\t\t\t\t\t<\/span>\n\t\t\t\t\t\n\t\t\t\t<\/div>\n\t\t\t\n\t\t<\/div>\n\n\t<\/div>\n\n\n\t<div class=\"c-card__image\">\n\t\t<img decoding=\"async\" width=\"1280\" height=\"855\" src=\"\" class=\"js-scrollspy a-fade-in h-lazyload\" alt=\"1 lounge-Kontorshotell-Helsingborg-Ba\u030athusgatan 9\" lazyload=\"1\" data-src=\"https:\/\/hk.se\/en\/wp-content\/uploads\/sites\/2\/2020\/06\/1-lounge-kontorshotell-helsingborg-bacc8athusgatan-9-scaled-e1629807765521.jpg\" data-srcset=\"\" data-loaded=\"false\" loading=\"lazy\" srcset=\"\" \/><noscript><img decoding=\"async\" width=\"1280\" height=\"855\" src=\"https:\/\/hk.se\/en\/wp-content\/uploads\/sites\/2\/2020\/06\/1-lounge-kontorshotell-helsingborg-bacc8athusgatan-9-scaled-e1629807765521.jpg\" class=\"js-scrollspy a-fade-in\" alt=\"1 lounge-Kontorshotell-Helsingborg-Ba\u030athusgatan 9\" loading=\"lazy\" \/><\/noscript>\t<\/div>\n\n\t\t\t<div class=\"c-card__button c-button \">\n\t\t\tExplore co-working space\t\t<\/div>\n\t\n<\/a>\n\n\n\t\t\t\t\t\t<\/div>\n\n\t\t\t\t\t\t\n\t\t\t\t\t\n\t\t\t\t<\/div>\n\n\t\t\t\t\t<\/div>\n\n\t\t\n\t<\/div>\n\n<\/section>\n","protected":false},"excerpt":{"rendered":"","protected":false},"author":1,"featured_media":0,"parent":0,"menu_order":0,"comment_status":"closed","ping_status":"closed","template":"","meta":{"_acf_changed":false,"footnotes":""},"class_list":["post-370","page","type-page","status-publish","hentry"],"acf":[],"_links":{"self":[{"href":"https:\/\/hk.se\/en\/wp-json\/wp\/v2\/pages\/370","targetHints":{"allow":["GET"]}}],"collection":[{"href":"https:\/\/hk.se\/en\/wp-json\/wp\/v2\/pages"}],"about":[{"href":"https:\/\/hk.se\/en\/wp-json\/wp\/v2\/types\/page"}],"author":[{"embeddable":true,"href":"https:\/\/hk.se\/en\/wp-json\/wp\/v2\/users\/1"}],"replies":[{"embeddable":true,"href":"https:\/\/hk.se\/en\/wp-json\/wp\/v2\/comments?post=370"}],"version-history":[{"count":0,"href":"https:\/\/hk.se\/en\/wp-json\/wp\/v2\/pages\/370\/revisions"}],"wp:attachment":[{"href":"https:\/\/hk.se\/en\/wp-json\/wp\/v2\/media?parent=370"}],"curies":[{"name":"wp","href":"https:\/\/api.w.org\/{rel}","templated":true}]}}